{"id":2038,"date":"2023-05-09T10:36:27","date_gmt":"2023-05-09T09:36:27","guid":{"rendered":"http:\/\/ttgroup.pt\/vender-casa\/"},"modified":"2023-06-27T15:54:08","modified_gmt":"2023-06-27T14:54:08","slug":"vender-casa","status":"publish","type":"page","link":"https:\/\/ttgroup.pt\/en\/vender-casa\/","title":{"rendered":"Selling a house"},"content":{"rendered":"<style>\/*! elementor - v3.13.3 - 28-05-2023 *\/\n.elementor-heading-title{padding:0;margin:0;line-height:1}.elementor-widget-heading .elementor-heading-title[class*=elementor-size-]>a{color:inherit;font-size:inherit;line-height:inherit}.elementor-widget-heading .elementor-heading-title.elementor-size-small{font-size:15px}.elementor-widget-heading .elementor-heading-title.elementor-size-medium{font-size:19px}.elementor-widget-heading .elementor-heading-title.elementor-size-large{font-size:29px}.elementor-widget-heading .elementor-heading-title.elementor-size-xl{font-size:39px}.elementor-widget-heading .elementor-heading-title.elementor-size-xxl{font-size:59px}<\/style>\n<h1> Selling a house<br \/>\n<\/h1>\n<style>\/*! elementor - v3.13.3 - 28-05-2023 *\/\n.elementor-column .elementor-spacer-inner{height:var(--spacer-size)}.e-con{--container-widget-width:100%}.e-con-inner>.elementor-widget-spacer,.e-con>.elementor-widget-spacer{width:var(--container-widget-width,var(--spacer-size));--align-self:var(--container-widget-align-self,initial);--flex-shrink:0}.e-con-inner>.elementor-widget-spacer>.elementor-widget-container,.e-con-inner>.elementor-widget-spacer>.elementor-widget-container>.elementor-spacer,.e-con>.elementor-widget-spacer>.elementor-widget-container,.e-con>.elementor-widget-spacer>.elementor-widget-container>.elementor-spacer{height:100%}.e-con-inner>.elementor-widget-spacer>.elementor-widget-container>.elementor-spacer>.elementor-spacer-inner,.e-con>.elementor-widget-spacer>.elementor-widget-container>.elementor-spacer>.elementor-spacer-inner{height:var(--container-widget-height,var(--spacer-size))}<\/style>\n<p>   In T&#038;T Group Properties the client always comes first.  <\/p>\n<h1> Selling a house<br \/>\n<\/h1>\n<p>  In T&#038;T Group Properties the client always comes first. <\/p>\n<style>\/*! elementor - v3.13.3 - 28-05-2023 *\/\n.elementor-widget-image{text-align:center}.elementor-widget-image a{display:inline-block}.elementor-widget-image a img[src$=\".svg\"]{width:48px}.elementor-widget-image img{vertical-align:middle;display:inline-block}<\/style>\n<p>\t\t\t\t\t\t\t\t\t\t\t\t<img decoding=\"async\" src=\"http:\/\/ttgroup.pt\/wp-content\/uploads\/2023\/06\/vender_casa1.jpg\" title=\"vender_casa1.jpg\" alt=\"vender_casa1.jpg\" loading=\"lazy\" \/>\t\t\t\t\t\t\t\t\t\t\t\t\t\t\t<\/p>\n<p>Are you looking for a real estate agent to sell a house? In T&amp;T Group Properties the client always comes first. Our objective is to help close the deal with transparency, by displaying your properties in all portals. Our intervention follows all the details of the sale, the documentation and the communication with quality photos and v\u00eddeos.<\/p>\n<p>Our team promotes a close relation between sellers and buyers thus making the sale process easier.<\/p>\n<p> We are independent real estate agents aimed to represent the owner\u2019s interests so that their property is swiftly sold at the best price. <\/p>\n<p>\t\t\t\t\t\t\t\t\t\t\t\t\t\t\t<img decoding=\"async\" src=\"http:\/\/ttgroup.pt\/wp-content\/uploads\/2023\/05\/mobile_vendercasa.jpg\" title=\"mobile_vendercasa\" alt=\"mobile_vendercasa\" loading=\"lazy\" \/>\t\t\t\t\t\t\t\t\t\t\t\t\t\t\t<\/p>\n<h3>I want to sell my house, which are the necessary documents?<br \/>\n<\/h3>\n<h5>Our agency supports the entire process of obtaining and updating the following documents:<br \/>\n<\/h5>\n<h6 style=\"color: #000000;\"><\/h6>\n<p style=''>Certificate issued by the Commercial Registry (Certid\u00e3o de registo predial) (CRP);<\/p>\n<h6 style=\"color: #000000;\"><\/h6>\n<p style=''>Property register (Caderneta predial) (CPU);<\/p>\n<h6 style=\"color: #000000;\"><\/h6>\n<p style=''>Usage Permit (Licen\u00e7a de utiliza\u00e7\u00e3o);<\/p>\n<h6 style=\"color: #000000;\"><\/h6>\n<p style=''>Energy Certificate (Certificado energ\u00e9tico);<\/p>\n<h6 style=\"color: #000000;\"><\/h6>\n<p style=''>Usage Technical File (Ficha t\u00e9cnica de utiliza\u00e7\u00e3o) (FTH);<\/p>\n<p>And for the deed?<\/p>\n<h6 style=\"color: #000000;\"><\/h6>\n<p style=''>Ask for the discharge of the mortgage (Distrate), minimum 10 weekdays before the date of the deed; <\/p>\n<h6 style=\"color: #000000;\"><\/h6>\n<p style=''>Pay the amount for cancelling the mortgage;<\/p>\n<h6 style=\"color: #000000;\"><\/h6>\n<p style=''>Ask for preferential rights minimum 10 weekdays before the date of the deed <\/p>\n<h6 style=\"color: #000000;\"><\/h6>\n<p style=''>Declaration of condominium charges related to your fraction;<\/p>\n<p> We value your property<\/p>\n<p><a href=\"https:\/\/ttgroup.pt\/en\/contactos\/\">Book a meeting with us.<\/a><\/p>\n<p>\t\t<iframe loading=\"lazy\" title=\"Villas do Cobre Design - TT Group\" width=\"1060\" height=\"596\" src=\"https:\/\/www.youtube.com\/embed\/7fT1BHv4PiY?feature=oembed\" frameborder=\"0\" allow=\"accelerometer; autoplay; clipboard-write; encrypted-media; gyroscope; picture-in-picture; web-share\" allowfullscreen><\/iframe>\t\t<\/p>\n<h2>How do I get to know the value of my property?<\/h2>\n<p>With our tools, we send a report on comparative analisys of the market. Do you want to receive yours? Fill the form below.<\/p>\n<p role=\"status\" aria-live=\"polite\" aria-atomic=\"true\">\n<ul><\/ul>\n<form action=\"\/wp-admin\/admin-ajax.php#wpcf7-f111-o1\" method=\"post\" aria-label=\"Contact form\" novalidate=\"novalidate\" data-status=\"init\">\n<input type=\"hidden\" name=\"_wpcf7\" value=\"111\" \/><br \/>\n<input type=\"hidden\" name=\"_wpcf7_version\" value=\"5.7.7\" \/><br \/>\n<input type=\"hidden\" name=\"_wpcf7_locale\" value=\"en_US\" \/><br \/>\n<input type=\"hidden\" name=\"_wpcf7_unit_tag\" value=\"wpcf7-f111-o1\" \/><br \/>\n<input type=\"hidden\" name=\"_wpcf7_container_post\" value=\"0\" \/><br \/>\n<input type=\"hidden\" name=\"_wpcf7_posted_data_hash\" value=\"\" \/><br \/>\n    <input size=\"40\" aria-required=\"true\" aria-invalid=\"false\" placeholder=\"Name*\" value=\"\" type=\"text\" name=\"your-name\" \/><br \/>\n    <input size=\"40\" aria-required=\"true\" aria-invalid=\"false\" placeholder=\"Email*\" value=\"\" type=\"email\" name=\"your-email\" \/><br \/>\n    <input size=\"40\" aria-required=\"true\" aria-invalid=\"false\" placeholder=\"Phone*\" value=\"\" type=\"tel\" name=\"your-phone\" \/><br \/>\n    <input size=\"40\" aria-invalid=\"false\" placeholder=\"Nationality\" value=\"\" type=\"text\" name=\"nacionalidade\" \/><br \/>\n<textarea cols=\"40\" rows=\"10\" aria-invalid=\"false\" placeholder=\"Message\" name=\"your-message\"><\/textarea><\/p>\n<p>The personal data provided is only used to respond to the requested questions..<br \/>Read our<a href=\"\/en\/privacy-policy\/\" target=\"_blank\" rel=\"noopener\">Privacy policy<\/a><\/p>\n<p>(*) Mandatory fields<\/p>\n<p><input type=\"submit\" value=\"Send\" \/><br \/>\n<\/form>\n","protected":false},"excerpt":{"rendered":"<p>Selling a house In T&#038;T Group Properties the client always comes first. Selling a house In T&#038;T Group Properties the client always comes first. Are you looking for a real estate agent to sell a house? In T&amp;T Group Properties the client always comes first&#8230;.<\/p>\n","protected":false},"author":1,"featured_media":0,"parent":0,"menu_order":0,"comment_status":"closed","ping_status":"closed","template":"full_width.php","meta":{"content-type":"","footnotes":""},"class_list":["post-2038","page","type-page","status-publish","hentry"],"aioseo_notices":[],"_hostinger_reach_plugin_has_subscription_block":false,"_hostinger_reach_plugin_is_elementor":false,"_links":{"self":[{"href":"https:\/\/ttgroup.pt\/en\/wp-json\/wp\/v2\/pages\/2038","targetHints":{"allow":["GET"]}}],"collection":[{"href":"https:\/\/ttgroup.pt\/en\/wp-json\/wp\/v2\/pages"}],"about":[{"href":"https:\/\/ttgroup.pt\/en\/wp-json\/wp\/v2\/types\/page"}],"author":[{"embeddable":true,"href":"https:\/\/ttgroup.pt\/en\/wp-json\/wp\/v2\/users\/1"}],"replies":[{"embeddable":true,"href":"https:\/\/ttgroup.pt\/en\/wp-json\/wp\/v2\/comments?post=2038"}],"version-history":[{"count":81,"href":"https:\/\/ttgroup.pt\/en\/wp-json\/wp\/v2\/pages\/2038\/revisions"}],"predecessor-version":[{"id":2917,"href":"https:\/\/ttgroup.pt\/en\/wp-json\/wp\/v2\/pages\/2038\/revisions\/2917"}],"wp:attachment":[{"href":"https:\/\/ttgroup.pt\/en\/wp-json\/wp\/v2\/media?parent=2038"}],"curies":[{"name":"wp","href":"https:\/\/api.w.org\/{rel}","templated":true}]}}