{"id":1963,"date":"2023-06-02T14:01:34","date_gmt":"2023-06-02T13:01:34","guid":{"rendered":"http:\/\/ttgroup.pt\/home\/"},"modified":"2023-06-19T15:15:14","modified_gmt":"2023-06-19T14:15:14","slug":"home","status":"publish","type":"page","link":"https:\/\/ttgroup.pt\/en\/","title":{"rendered":"Home"},"content":{"rendered":"<h1> Real Estate Agent <\/h1>\n<p>Experts on the Portuguese real estate market <\/p>\n<h1> Real Estate Agent <\/h1>\n<p> Experts on the Portuguese real estate market \t\t<\/p>\n<style>\/*! elementor - v3.13.3 - 28-05-2023 *\/\n.elementor-heading-title{padding:0;margin:0;line-height:1}.elementor-widget-heading .elementor-heading-title[class*=elementor-size-]>a{color:inherit;font-size:inherit;line-height:inherit}.elementor-widget-heading .elementor-heading-title.elementor-size-small{font-size:15px}.elementor-widget-heading .elementor-heading-title.elementor-size-medium{font-size:19px}.elementor-widget-heading .elementor-heading-title.elementor-size-large{font-size:29px}.elementor-widget-heading .elementor-heading-title.elementor-size-xl{font-size:39px}.elementor-widget-heading .elementor-heading-title.elementor-size-xxl{font-size:59px}<\/style>\n<h1>Are you looking for a real estate agent?<\/h1>\n<style>\/*! elementor - v3.13.3 - 28-05-2023 *\/\n.elementor-column .elementor-spacer-inner{height:var(--spacer-size)}.e-con{--container-widget-width:100%}.e-con-inner>.elementor-widget-spacer,.e-con>.elementor-widget-spacer{width:var(--container-widget-width,var(--spacer-size));--align-self:var(--container-widget-align-self,initial);--flex-shrink:0}.e-con-inner>.elementor-widget-spacer>.elementor-widget-container,.e-con-inner>.elementor-widget-spacer>.elementor-widget-container>.elementor-spacer,.e-con>.elementor-widget-spacer>.elementor-widget-container,.e-con>.elementor-widget-spacer>.elementor-widget-container>.elementor-spacer{height:100%}.e-con-inner>.elementor-widget-spacer>.elementor-widget-container>.elementor-spacer>.elementor-spacer-inner,.e-con>.elementor-widget-spacer>.elementor-widget-container>.elementor-spacer>.elementor-spacer-inner{height:var(--container-widget-height,var(--spacer-size))}<\/style>\n<p>We work under a disruptive business format for buying and selling houses and property management. We are experts on the Portuguese real estate market and we are leaders in new strategies for promoting properties.<\/p>\n<p> T&#038;T Group Properties focus on small details. We prioritize a relationship of trust and transparency with our clients. Complying with the Norwich \u2018koselig\u2019 philosophy, which promotes a comfortable and friendly environment at home, our purpose is to provide happy businesses by means of a careful, permanent and personalized service. <\/p>\n<h3>In T&#038;T Group Properties&#8230;<\/h3>\n<h3>\u2026People come first <\/h3>\n<p>\t\t\t<img decoding=\"async\" itemprop=\"image\" style=\"\" src=\"http:\/\/ttgroup.pt\/wp-content\/uploads\/2023\/05\/icon-consultoria.png\" alt=\"\"><\/p>\n<h6 style=\"color: #000000;\">Consultancy<\/h6>\n<p style=''>We understand your needs, wishes and expectations. We share conditions, services and quotations<\/p>\n<p>\t\t\t<img decoding=\"async\" itemprop=\"image\" style=\"\" src=\"http:\/\/ttgroup.pt\/wp-content\/uploads\/2023\/05\/icon-pesquisa.png\" alt=\"\"><\/p>\n<h6 style=\"color: #000000;\">Research<\/h6>\n<p style=''>according to your preferences, we analyze the market based on our experience and support network<\/p>\n<p>\t\t\t<img decoding=\"async\" itemprop=\"image\" style=\"\" src=\"http:\/\/ttgroup.pt\/wp-content\/uploads\/2023\/05\/icon-acompanhamento.png\" alt=\"\"><\/p>\n<h6 style=\"color: #000000;\">Monitoring<\/h6>\n<p style=''>we select and visit properties with our clients (owners and buyers) safegarding their interests<\/p>\n<p>\t\t\t<img decoding=\"async\" itemprop=\"image\" style=\"\" src=\"http:\/\/ttgroup.pt\/wp-content\/uploads\/2023\/05\/icon-negociacao.png\" alt=\"\"><\/p>\n<h6 style=\"color: #000000;\">Negotiation<\/h6>\n<p style=''>we are experts in the Portuguese real estate market having several partners in order to provide more competitive solutions<\/p>\n<p>\t\t\t<img decoding=\"async\" itemprop=\"image\" style=\"\" src=\"http:\/\/ttgroup.pt\/wp-content\/uploads\/2023\/05\/icon-compravenda.png\" alt=\"\"><\/p>\n<h6 style=\"color: #000000;\">Buy\/sell<\/h6>\n<p style=''>we facilitate the treatment of all your information, the fulfilling of documents and the associated burocracy<\/p>\n<p>\t\t\t<img decoding=\"async\" itemprop=\"image\" style=\"\" src=\"http:\/\/ttgroup.pt\/wp-content\/uploads\/2023\/05\/icon-poscompra.png\" alt=\"\"><\/p>\n<h6 style=\"color: #000000;\">After purchase<\/h6>\n<p style=''>we give advice on the necessary general services (construction works, painting, lawyers, etc\u2026) for managing the property<\/p>\n<style>\/*! elementor - v3.13.3 - 28-05-2023 *\/\n.elementor-widget-image{text-align:center}.elementor-widget-image a{display:inline-block}.elementor-widget-image a img[src$=\".svg\"]{width:48px}.elementor-widget-image img{vertical-align:middle;display:inline-block}<\/style>\n<p>\t\t\t\t\t\t\t\t\t\t\t\t<img decoding=\"async\" src=\"http:\/\/ttgroup.pt\/wp-content\/uploads\/2023\/05\/mob_comprar.jpg\" title=\"mob_comprar\" alt=\"mob_comprar\" loading=\"lazy\" \/>\t\t\t\t\t\t\t\t\t\t\t\t\t\t\t<\/p>\n<h2>Buying a house in Portugal<\/h2>\n<p> In order to buy a house in Portugal we offer and individual service completely focused on safegarding your interests. We provide a full and continuous monitoring focused on the distinctive concept of the buyer\u2019s agent. <\/p>\n<p><a href=\"https:\/\/ttgroup.pt\/en\/comprar-casa\/\"> Know more <\/a><\/p>\n<p>\t\t\t\t\t\t\t\t\t\t\t\t\t\t\t<img decoding=\"async\" src=\"http:\/\/ttgroup.pt\/wp-content\/uploads\/2023\/05\/mob_vender.jpg\" title=\"mob_vender\" alt=\"mob_vender\" loading=\"lazy\" \/>\t\t\t\t\t\t\t\t\t\t\t\t\t\t\t<\/p>\n<h2>Selling a house<\/h2>\n<p>During the process of selling a house, we help the owners by safegarding a market where business sharing is essential for the development in the sector, without problems during the transaction process.<\/p>\n<p><a href=\"https:\/\/ttgroup.pt\/en\/vender-casa\/\">Know more<\/a><\/p>\n<p>\t\t\t\t\t\t\t\t\t\t\t\t\t\t\t<img decoding=\"async\" src=\"http:\/\/ttgroup.pt\/wp-content\/uploads\/2023\/06\/mob_arrendamento.jpg\" title=\"mob_arrendamento.jpg\" alt=\"mob_arrendamento.jpg\" loading=\"lazy\" \/>\t\t\t\t\t\t\t\t\t\t\t\t\t\t\t<\/p>\n<h2>Property Management<\/h2>\n<p>We manage long term renting. To provide comfort and freedom to our clients is the most important for us. We take care of fiscal matters, rent charge, inspections and support with issues of the condominium.<\/p>\n<p><a href=\"https:\/\/ttgroup.pt\/en\/gestao-de-arrendamento\/\"> Know more <\/a><\/p>\n<h3>In the last 5 years:<\/h3>\n<style>\/*! elementor - v3.13.3 - 28-05-2023 *\/\n.elementor-counter .elementor-counter-number-wrapper{display:flex;font-size:69px;font-weight:600;line-height:1}.elementor-counter .elementor-counter-number-prefix,.elementor-counter .elementor-counter-number-suffix{flex-grow:1;white-space:pre-wrap}.elementor-counter .elementor-counter-number-prefix{text-align:right}.elementor-counter .elementor-counter-number-suffix{text-align:left}.elementor-counter .elementor-counter-title{text-align:center;font-size:19px;font-weight:400;line-height:2.5}<\/style>\n<p>\t\t\t\t0<br \/>\n\t\t\t\t\t\t\tTransactions<br \/>\n\t\t\t\t0<br \/>\n\t\t\t\t\t\t\tTransacted amount<br \/>\n\t\t\t\t0<br \/>\n\t\t\t\t\t\t\tInvoicing<br \/>\n\t\t\t\t\t\t\t\t\t\t\t\t\t\t\t<img decoding=\"async\" width=\"22\" height=\"20\" src=\"http:\/\/ttgroup.pt\/wp-content\/uploads\/2020\/09\/testimonials-icon.png\" alt=\"g\" loading=\"lazy\" \/>\t\t\t\t\t\t\t\t\t\t\t\t\t\t\t<\/p>\n<h3>Testimonials<\/h3>\n<ul>\n<li id=\"testimonials51\">\n<p style='font-size:16px;'>\u201cPassei por um dos momentos mais importantes da minha vida, um momento stressante que envolveu a minha reforma, a venda da casa e a compra de uma nova. A Equipa inteira foi para al\u00e9m do pedido, trataram de todo o processo da venda, e encontraram a minha casa de sonho. Para al\u00e9m disso ajudaram com empresas especializadas a realizar as mudan\u00e7as, contra\u00e7\u00e3o de servi\u00e7os e indicaram empresas que me apoiaram com assuntos fiscais devido \u00e0s transac\u00e7\u00f5es realizadas, um servi\u00e7o que jamais esquecerei. Recomendo a todas as pessoas, trabalharem com eles pois melhor \u00e9 imposs\u00edvel.&#8221;<\/p>\n<p style=\"\">Ana L\u00facia &#8211; \u2605\u2605\u2605\u2605\u2605<\/p>\n<\/li>\n<\/ul>\n","protected":false},"excerpt":{"rendered":"<p>Real Estate Agent Experts on the Portuguese real estate market Real Estate Agent Experts on the Portuguese real estate market Are you looking for a real estate agent? We work under a disruptive business format for buying and selling houses and property management. We are&#8230;<\/p>\n","protected":false},"author":1,"featured_media":0,"parent":0,"menu_order":0,"comment_status":"closed","ping_status":"closed","template":"full_width.php","meta":{"content-type":"","footnotes":""},"class_list":["post-1963","page","type-page","status-publish","hentry"],"aioseo_notices":[],"_hostinger_reach_plugin_has_subscription_block":false,"_hostinger_reach_plugin_is_elementor":false,"_links":{"self":[{"href":"https:\/\/ttgroup.pt\/en\/wp-json\/wp\/v2\/pages\/1963","targetHints":{"allow":["GET"]}}],"collection":[{"href":"https:\/\/ttgroup.pt\/en\/wp-json\/wp\/v2\/pages"}],"about":[{"href":"https:\/\/ttgroup.pt\/en\/wp-json\/wp\/v2\/types\/page"}],"author":[{"embeddable":true,"href":"https:\/\/ttgroup.pt\/en\/wp-json\/wp\/v2\/users\/1"}],"replies":[{"embeddable":true,"href":"https:\/\/ttgroup.pt\/en\/wp-json\/wp\/v2\/comments?post=1963"}],"version-history":[{"count":177,"href":"https:\/\/ttgroup.pt\/en\/wp-json\/wp\/v2\/pages\/1963\/revisions"}],"predecessor-version":[{"id":2826,"href":"https:\/\/ttgroup.pt\/en\/wp-json\/wp\/v2\/pages\/1963\/revisions\/2826"}],"wp:attachment":[{"href":"https:\/\/ttgroup.pt\/en\/wp-json\/wp\/v2\/media?parent=1963"}],"curies":[{"name":"wp","href":"https:\/\/api.w.org\/{rel}","templated":true}]}}